{"id":3,"date":"2023-09-02T21:13:20","date_gmt":"2023-09-02T21:13:20","guid":{"rendered":"https:\/\/hixtechnologies.com\/?page_id=3"},"modified":"2023-09-11T06:28:45","modified_gmt":"2023-09-11T06:28:45","slug":"privacy-policy","status":"publish","type":"page","link":"https:\/\/hixtechnologies.com\/en\/privacy-policy\/","title":{"rendered":"Pol\u00edtica de privacidad"},"content":{"rendered":"<h2 class=\"wp-block-heading\">Quienes somos:<\/h2>\n\n\n\n<p><strong class=\"privacy-policy-tutorial\">Identidad: <\/strong>Nuestro sitio web se encuentra en la direcci\u00f3n: https:\/\/hixtechnologies.com.<\/p>\n\n\n\n<h2 class=\"wp-block-heading\">Comentarios<\/h2>\n\n\n\n<p>Cuando nuestros visitantes dejan comentarios en el sitio web, dichos datos se recolectan en el formulario de comentarios y tambi\u00e9n informaci\u00f3n adicional como la direcci\u00f3n IP y datos del tipo de navegador utilizado para facilitar la detecci\u00f3n de spam.<\/p>\n\n\n\n<p>Una cadena de texto creada a partir de su direcci\u00f3n de correo (tambien llamada hash) puede ser suministrada al servicio Gravatar para determinar si la esta utilizando. El servicio Gravatar tiene su propia politica de privacidad disponible en: https:\/\/automattic.com\/privacy\/. Despu\u00e9s de aprobar su comentario, su im\u00e1gen de perfil ser\u00e1 visible al publico en el contexto de su comentario.<\/p>\n\n\n\n<h2 class=\"wp-block-heading\">Media<\/h2>\n\n\n\n<p>Si usted sube imagenes al sitio web, deber\u00eda evitar subir imagenes con informaci\u00f3n incrustada de ubicaciones (EXIF GPS). Otros visitantes de \u00e9ste sitio podr\u00edan descargarlas y extraer cualquier informaci\u00f3n de ubicaciones desde esas im\u00e1genes.<\/p>\n\n\n\n<h2 class=\"wp-block-heading\">Cookies<\/h2>\n\n\n\n<p>Si deja un comentario en nuestro sitio web puede guardar su nombre, correo electronico en las cookies. Esta informaci\u00f3n por su conveniencia es para que no tenga que llenar nuevamente todos los detalles para cuando desee dejar un nuevo comentario. Estas cookies podr\u00edan durar hasta un a\u00f1o.<\/p>\n\n\n\n<p>Si usted visita nuestra pagina de inicio de sesion, estableceremos una cookie temporal para determinar si su navegador acepta cookes. Esta cookie no contiene informaci\u00f3n personal y es descartada cuando su navegador se cierra.<\/p>\n\n\n\n<p>Cuando inicia sesion, tambien estableceremos una serie de cookies para guardar informacion de inicio de sesion y sus preferencias de visualizaci\u00f3n. Las cookies de inicio de sesion podrian durar por lo menos dos dias, y las opciones de visualizaci\u00f3n un a\u00f1o. Si usted selecciona &#8220;recordarme&#8221;, su inicio de sesion persiste por dos semanas. Si cierra su sesi\u00f3n los cookies son removidos.<\/p>\n\n\n\n<p>Si usted edita o publica un art\u00edculo, una cookie adicional sera guardada en su navegador. Esta cookie no incluye informaci\u00f3n personal y simplemente identifica el post del articulo que ha editado. Esta cookie expira en un dia.<\/p>\n\n\n\n<h2 class=\"wp-block-heading\">Contenido incrustado de otros sitios<\/h2>\n\n\n\n<p>Articulos en este sitio web pueden incluir contenido incrustado de otros sitios (e.g. videos, images, articles, etc.). El contenido incrustado de otros sitios web permanece en la misma manera tal como si el visitante hubiera visitado el otro sitio.<\/p>\n\n\n\n<p>Esos otros sitios podrian recolectar datos de usted, utilizar cookies, e incrustar informacion de seguimiento de terceras partes, y monitorear la interacci\u00f3n con su contenido.<\/p>\n\n\n\n<h2 class=\"wp-block-heading\">Por cuanto tiempo se mantiene sus datos<\/h2>\n\n\n\n<p>Si usted deja un comentario, el comentario y su metadata se retiene de forma indefinida. De esta manera podemos reconocer y aprobar cualquier seguimiento de los comentarios.<\/p>\n\n\n\n<p>Para usuarios registrados en nuestro sitio web, tambi\u00e9n se almacena informaci\u00f3n que haya especificado al momento de llenar su perfil.<\/p>\n\n\n\n<h2 class=\"wp-block-heading\"><\/h2>","protected":false},"excerpt":{"rendered":"<p>Quienes somos: Identidad: Nuestro sitio web se encuentra en la direcci\u00f3n: https:\/\/hixtechnologies.com. Comentarios Cuando nuestros visitantes dejan comentarios en el sitio web, dichos datos se recolectan en el formulario de comentarios y tambi\u00e9n informaci\u00f3n adicional como la direcci\u00f3n IP y datos del tipo de navegador utilizado para facilitar la detecci\u00f3n de spam. Una cadena de [&hellip;]<\/p>","protected":false},"author":1,"featured_media":0,"parent":0,"menu_order":0,"comment_status":"closed","ping_status":"closed","template":"","meta":{"nf_dc_page":"","footnotes":""},"class_list":["post-3","page","type-page","status-publish","hentry"],"yoast_head":"<!-- This site is optimized with the Yoast SEO plugin v22.7 - https:\/\/yoast.com\/wordpress\/plugins\/seo\/ -->\n<title>Pol\u00edtica de privacidad | Hix Technologies<\/title>\n<meta name=\"description\" content=\"Detalle de los aspectos relacionados al manejo de la informaci\u00f3n brindada o recolectada en este sitio web en relaci\u00f3n a los datos personales.\" \/>\n<meta name=\"robots\" content=\"index, follow, max-snippet:-1, max-image-preview:large, max-video-preview:-1\" \/>\n<link rel=\"canonical\" href=\"https:\/\/hixtechnologies.com\/en\/privacy-policy\/\" \/>\n<meta property=\"og:locale\" content=\"en_US\" \/>\n<meta property=\"og:type\" content=\"article\" \/>\n<meta property=\"og:title\" content=\"Pol\u00edtica de privacidad | Hix Technologies\" \/>\n<meta property=\"og:description\" content=\"Detalle de los aspectos relacionados al manejo de la informaci\u00f3n brindada o recolectada en este sitio web en relaci\u00f3n a los datos personales.\" \/>\n<meta property=\"og:url\" content=\"https:\/\/hixtechnologies.com\/en\/privacy-policy\/\" \/>\n<meta property=\"og:site_name\" content=\"Hix Technologies\" \/>\n<meta property=\"article:publisher\" content=\"https:\/\/www.facebook.com\/hixtech\" \/>\n<meta property=\"article:modified_time\" content=\"2023-09-11T06:28:45+00:00\" \/>\n<meta property=\"og:image\" content=\"https:\/\/hixtechnologies.com\/wp-content\/uploads\/2023\/09\/SiteImage2.png\" \/>\n\t<meta property=\"og:image:width\" content=\"1200\" \/>\n\t<meta property=\"og:image:height\" content=\"675\" \/>\n\t<meta property=\"og:image:type\" content=\"image\/png\" \/>\n<meta name=\"twitter:card\" content=\"summary_large_image\" \/>\n<meta name=\"twitter:site\" content=\"@hixtechnologies\" \/>\n<script type=\"application\/ld+json\" class=\"yoast-schema-graph\">{\"@context\":\"https:\/\/schema.org\",\"@graph\":[{\"@type\":\"WebPage\",\"@id\":\"https:\/\/hixtechnologies.com\/privacy-policy\/\",\"url\":\"https:\/\/hixtechnologies.com\/privacy-policy\/\",\"name\":\"Pol\u00edtica de privacidad | Hix Technologies\",\"isPartOf\":{\"@id\":\"https:\/\/hixtechnologies.com\/#website\"},\"datePublished\":\"2023-09-02T21:13:20+00:00\",\"dateModified\":\"2023-09-11T06:28:45+00:00\",\"description\":\"Detalle de los aspectos relacionados al manejo de la informaci\u00f3n brindada o recolectada en este sitio web en relaci\u00f3n a los datos personales.\",\"breadcrumb\":{\"@id\":\"https:\/\/hixtechnologies.com\/privacy-policy\/#breadcrumb\"},\"inLanguage\":\"en-US\",\"potentialAction\":[{\"@type\":\"ReadAction\",\"target\":[\"https:\/\/hixtechnologies.com\/privacy-policy\/\"]}]},{\"@type\":\"BreadcrumbList\",\"@id\":\"https:\/\/hixtechnologies.com\/privacy-policy\/#breadcrumb\",\"itemListElement\":[{\"@type\":\"ListItem\",\"position\":1,\"name\":\"Inicio\",\"item\":\"https:\/\/hixtechnologies.com\/\"},{\"@type\":\"ListItem\",\"position\":2,\"name\":\"Pol\u00edtica de privacidad\"}]},{\"@type\":\"WebSite\",\"@id\":\"https:\/\/hixtechnologies.com\/#website\",\"url\":\"https:\/\/hixtechnologies.com\/\",\"name\":\"Hix Technologies\",\"description\":\"Desarrollo de Software y Distribuci\u00f3n de Soluciones Tecnol\u00f3gicas\",\"publisher\":{\"@id\":\"https:\/\/hixtechnologies.com\/#organization\"},\"alternateName\":\"HixTech\",\"potentialAction\":[{\"@type\":\"SearchAction\",\"target\":{\"@type\":\"EntryPoint\",\"urlTemplate\":\"https:\/\/hixtechnologies.com\/?s={search_term_string}\"},\"query-input\":\"required name=search_term_string\"}],\"inLanguage\":\"en-US\"},{\"@type\":\"Organization\",\"@id\":\"https:\/\/hixtechnologies.com\/#organization\",\"name\":\"HIX TECHNOLOGIES\",\"alternateName\":\"HixTech\",\"url\":\"https:\/\/hixtechnologies.com\/\",\"logo\":{\"@type\":\"ImageObject\",\"inLanguage\":\"en-US\",\"@id\":\"https:\/\/hixtechnologies.com\/#\/schema\/logo\/image\/\",\"url\":\"https:\/\/hixtechnologies.com\/wp-content\/uploads\/2023\/09\/favicon_512x512.png\",\"contentUrl\":\"https:\/\/hixtechnologies.com\/wp-content\/uploads\/2023\/09\/favicon_512x512.png\",\"width\":512,\"height\":512,\"caption\":\"HIX TECHNOLOGIES\"},\"image\":{\"@id\":\"https:\/\/hixtechnologies.com\/#\/schema\/logo\/image\/\"},\"sameAs\":[\"https:\/\/www.facebook.com\/hixtech\",\"https:\/\/x.com\/hixtechnologies\"]}]}<\/script>\n<!-- \/ Yoast SEO plugin. -->","yoast_head_json":{"title":"Pol\u00edtica de privacidad | Hix Technologies","description":"Detalle de los aspectos relacionados al manejo de la informaci\u00f3n brindada o recolectada en este sitio web en relaci\u00f3n a los datos personales.","robots":{"index":"index","follow":"follow","max-snippet":"max-snippet:-1","max-image-preview":"max-image-preview:large","max-video-preview":"max-video-preview:-1"},"canonical":"https:\/\/hixtechnologies.com\/en\/privacy-policy\/","og_locale":"en_US","og_type":"article","og_title":"Pol\u00edtica de privacidad | Hix Technologies","og_description":"Detalle de los aspectos relacionados al manejo de la informaci\u00f3n brindada o recolectada en este sitio web en relaci\u00f3n a los datos personales.","og_url":"https:\/\/hixtechnologies.com\/en\/privacy-policy\/","og_site_name":"Hix Technologies","article_publisher":"https:\/\/www.facebook.com\/hixtech","article_modified_time":"2023-09-11T06:28:45+00:00","og_image":[{"width":1200,"height":675,"url":"https:\/\/hixtechnologies.com\/wp-content\/uploads\/2023\/09\/SiteImage2.png","type":"image\/png"}],"twitter_card":"summary_large_image","twitter_site":"@hixtechnologies","schema":{"@context":"https:\/\/schema.org","@graph":[{"@type":"WebPage","@id":"https:\/\/hixtechnologies.com\/privacy-policy\/","url":"https:\/\/hixtechnologies.com\/privacy-policy\/","name":"Pol\u00edtica de privacidad | Hix Technologies","isPartOf":{"@id":"https:\/\/hixtechnologies.com\/#website"},"datePublished":"2023-09-02T21:13:20+00:00","dateModified":"2023-09-11T06:28:45+00:00","description":"Detalle de los aspectos relacionados al manejo de la informaci\u00f3n brindada o recolectada en este sitio web en relaci\u00f3n a los datos personales.","breadcrumb":{"@id":"https:\/\/hixtechnologies.com\/privacy-policy\/#breadcrumb"},"inLanguage":"en-US","potentialAction":[{"@type":"ReadAction","target":["https:\/\/hixtechnologies.com\/privacy-policy\/"]}]},{"@type":"BreadcrumbList","@id":"https:\/\/hixtechnologies.com\/privacy-policy\/#breadcrumb","itemListElement":[{"@type":"ListItem","position":1,"name":"Inicio","item":"https:\/\/hixtechnologies.com\/"},{"@type":"ListItem","position":2,"name":"Pol\u00edtica de privacidad"}]},{"@type":"WebSite","@id":"https:\/\/hixtechnologies.com\/#website","url":"https:\/\/hixtechnologies.com\/","name":"Hix Technologies","description":"Desarrollo de Software y Distribuci\u00f3n de Soluciones Tecnol\u00f3gicas","publisher":{"@id":"https:\/\/hixtechnologies.com\/#organization"},"alternateName":"HixTech","potentialAction":[{"@type":"SearchAction","target":{"@type":"EntryPoint","urlTemplate":"https:\/\/hixtechnologies.com\/?s={search_term_string}"},"query-input":"required name=search_term_string"}],"inLanguage":"en-US"},{"@type":"Organization","@id":"https:\/\/hixtechnologies.com\/#organization","name":"HIX TECHNOLOGIES","alternateName":"HixTech","url":"https:\/\/hixtechnologies.com\/","logo":{"@type":"ImageObject","inLanguage":"en-US","@id":"https:\/\/hixtechnologies.com\/#\/schema\/logo\/image\/","url":"https:\/\/hixtechnologies.com\/wp-content\/uploads\/2023\/09\/favicon_512x512.png","contentUrl":"https:\/\/hixtechnologies.com\/wp-content\/uploads\/2023\/09\/favicon_512x512.png","width":512,"height":512,"caption":"HIX TECHNOLOGIES"},"image":{"@id":"https:\/\/hixtechnologies.com\/#\/schema\/logo\/image\/"},"sameAs":["https:\/\/www.facebook.com\/hixtech","https:\/\/x.com\/hixtechnologies"]}]}},"_links":{"self":[{"href":"https:\/\/hixtechnologies.com\/en\/wp-json\/wp\/v2\/pages\/3","targetHints":{"allow":["GET"]}}],"collection":[{"href":"https:\/\/hixtechnologies.com\/en\/wp-json\/wp\/v2\/pages"}],"about":[{"href":"https:\/\/hixtechnologies.com\/en\/wp-json\/wp\/v2\/types\/page"}],"author":[{"embeddable":true,"href":"https:\/\/hixtechnologies.com\/en\/wp-json\/wp\/v2\/users\/1"}],"replies":[{"embeddable":true,"href":"https:\/\/hixtechnologies.com\/en\/wp-json\/wp\/v2\/comments?post=3"}],"version-history":[{"count":2,"href":"https:\/\/hixtechnologies.com\/en\/wp-json\/wp\/v2\/pages\/3\/revisions"}],"predecessor-version":[{"id":641,"href":"https:\/\/hixtechnologies.com\/en\/wp-json\/wp\/v2\/pages\/3\/revisions\/641"}],"wp:attachment":[{"href":"https:\/\/hixtechnologies.com\/en\/wp-json\/wp\/v2\/media?parent=3"}],"curies":[{"name":"wp","href":"https:\/\/api.w.org\/{rel}","templated":true}]}}